{"id":1514,"date":"2020-02-19T10:15:14","date_gmt":"2020-02-19T08:15:14","guid":{"rendered":"https:\/\/www.auktionshaus-hanseart.de\/?page_id=1514"},"modified":"2020-04-01T19:13:39","modified_gmt":"2020-04-01T17:13:39","slug":"auktionsbericht-6-auktion","status":"publish","type":"page","link":"https:\/\/www.auktionshaus-hanseart.de\/en\/auktionsbericht-6-auktion","title":{"rendered":"Auction report, 6th auction, February 8, 2020"},"content":{"rendered":"<div data-elementor-type=\"wp-page\" data-elementor-id=\"1514\" class=\"elementor elementor-1514\" data-elementor-post-type=\"page\">\n\t\t\t\t\t\t<section class=\"elementor-section elementor-top-section elementor-element elementor-element-2a717da1 elementor-section-boxed elementor-section-height-default elementor-section-height-default\" data-id=\"2a717da1\" data-element_type=\"section\" data-e-type=\"section\">\n\t\t\t\t\t\t<div class=\"elementor-container elementor-column-gap-default\">\n\t\t\t\t\t<div class=\"elementor-column elementor-col-100 elementor-top-column elementor-element elementor-element-2c1530de\" data-id=\"2c1530de\" data-element_type=\"column\" data-e-type=\"column\">\n\t\t\t<div class=\"elementor-widget-wrap elementor-element-populated\">\n\t\t\t\t\t\t<div class=\"elementor-element elementor-element-543211f elementor-widget elementor-widget-text-editor\" data-id=\"543211f\" data-element_type=\"widget\" data-e-type=\"widget\" data-widget_type=\"text-editor.default\">\n\t\t\t\t<div class=\"elementor-widget-container\">\n\t\t\t\t\t\t\t\t\t<p><\/p>\n<p>On a chilly February morning, everything was gearing up for the first auction of 2020. But it was already the sixth auction for the HanseArt auction house since its founding in 2018. A light breeze swirled the leaves around the parked cars at Mengstrasse 14, and the clouds hung low\u2014it looked like rain. Inside the auction house, preparations were in full swing, final technical checks were being carried out, and all possible malfunctions were backed up with redundancies. The doors opened at 9:30 a.m. for the first guests, who knew there was always fresh coffee for the early risers. Right on time at 10:00 a.m., the auction house went live (with the camera broadcasting directly to the internet), and the auction began. With over 400 carefully selected items, it was another long day for auctioneer Dennis Suitner, who, despite suffering from the flu, tackled his duties with energy and plenty of humor. Gradually, the seats filled up, and the online and telephone bidders were practically unstoppable in their quest to secure the most interesting items. The first highlight was a coffee service for six people \u2013 Herend \u2013 Hungary \u2013 Rothschild decor.\u201c<\/p>\n<p><\/p>\n<p><\/p>\n<figure class=\"wp-block-image size-large\"><img fetchpriority=\"high\" decoding=\"async\" width=\"1000\" height=\"667\" class=\"wp-image-1538\" src=\"https:\/\/www.auktionshaus-hanseart.de\/wp-content\/uploads\/2020\/02\/334-13.jpg\" alt=\"\" srcset=\"https:\/\/www.auktionshaus-hanseart.de\/wp-content\/uploads\/2020\/02\/334-13.jpg 1000w, https:\/\/www.auktionshaus-hanseart.de\/wp-content\/uploads\/2020\/02\/334-13-300x200.jpg 300w, https:\/\/www.auktionshaus-hanseart.de\/wp-content\/uploads\/2020\/02\/334-13-768x512.jpg 768w\" sizes=\"(max-width: 1000px) 100vw, 1000px\" \/>\n<p>\u00a0<\/p>\n<figcaption>Coffee service decor \u201cRothschild\u201d<\/figcaption>\n<\/figure>\n<p><\/p>\n<p><\/p>\n<p>which sold for \u20ac650 plus buyer&#039;s premium. The lots were auctioned off one by one, and one could see the auctioneer reviving his fading voice with tea and honey. A solitaire ring was also noteworthy.<\/p>\n<p><\/p>\n<p><\/p>\n<figure class=\"wp-block-image size-large\"><img decoding=\"async\" width=\"1000\" height=\"667\" class=\"wp-image-1539\" src=\"https:\/\/www.auktionshaus-hanseart.de\/wp-content\/uploads\/2020\/02\/170-1.jpg\" alt=\"\" srcset=\"https:\/\/www.auktionshaus-hanseart.de\/wp-content\/uploads\/2020\/02\/170-1.jpg 1000w, https:\/\/www.auktionshaus-hanseart.de\/wp-content\/uploads\/2020\/02\/170-1-300x200.jpg 300w, https:\/\/www.auktionshaus-hanseart.de\/wp-content\/uploads\/2020\/02\/170-1-768x512.jpg 768w\" sizes=\"(max-width: 1000px) 100vw, 1000px\" \/>\n<p>\u00a0<\/p>\n<figcaption>Solitaire ring 750 white gold<\/figcaption>\n<\/figure>\n<p><\/p>\n<p><\/p>\n<p>which went to a telephone bidder for \u20ac2,800 plus buyer&#039;s premium and has thus surely found a good home. A computer system did crash, but since provisions are always made for such eventualities, the auction was able to resume after a short time. A break was taken around noon. As with every auction, sandwiches and hot and cold drinks were available to keep the guests and the auction house team energized. In the afternoon, an extraordinary maritime painting, &quot;Steam-Powered Sailing Ship on Rough Seas,&quot; was auctioned.\u201c<\/p>\n<p><\/p>\n<p><\/p>\n<figure class=\"wp-block-image size-large\"><img decoding=\"async\" width=\"1000\" height=\"750\" class=\"wp-image-1540\" src=\"https:\/\/www.auktionshaus-hanseart.de\/wp-content\/uploads\/2020\/02\/307-1.jpg\" alt=\"\" srcset=\"https:\/\/www.auktionshaus-hanseart.de\/wp-content\/uploads\/2020\/02\/307-1.jpg 1000w, https:\/\/www.auktionshaus-hanseart.de\/wp-content\/uploads\/2020\/02\/307-1-300x225.jpg 300w, https:\/\/www.auktionshaus-hanseart.de\/wp-content\/uploads\/2020\/02\/307-1-768x576.jpg 768w\" sizes=\"(max-width: 1000px) 100vw, 1000px\" \/>\n<p>\u00a0<\/p>\n<figcaption>Steam-powered sailing ship on rough seas<\/figcaption>\n<\/figure>\n<p><\/p>\n<p><\/p>\n<p>which sold for \u20ac1200 plus buyer&#039;s premium. The visitors in the hall moved from one area of interest to another, and jewelry enthusiasts dominated the afternoon. Many exceptional pieces were on offer. My personal highlight towards the end was an Art Nouveau display case that sold for \u20ac1400 plus buyer&#039;s premium. .<\/p>\n<p><\/p>\n<p><\/p>\n<figure class=\"wp-block-image size-large\"><img loading=\"lazy\" decoding=\"async\" width=\"616\" height=\"1000\" class=\"wp-image-1541\" src=\"https:\/\/www.auktionshaus-hanseart.de\/wp-content\/uploads\/2020\/02\/346-14.jpg\" alt=\"\" srcset=\"https:\/\/www.auktionshaus-hanseart.de\/wp-content\/uploads\/2020\/02\/346-14.jpg 616w, https:\/\/www.auktionshaus-hanseart.de\/wp-content\/uploads\/2020\/02\/346-14-185x300.jpg 185w\" sizes=\"(max-width: 616px) 100vw, 616px\" \/>\n<p>\u00a0<\/p>\n<figcaption>Art Nouveau display case<\/figcaption>\n<\/figure>\n<p><\/p>\n<p><\/p>\n<p>After the final call of bids, and with the auctioneer&#039;s voice still intact, the first auction of 2020 was successfully concluded. Many satisfied faces and positive feedback from all quarters confirmed that we are on the right track. We will continue to hold a prominent place in the L\u00fcbeck art scene and showcase our expertise both nationally and internationally. We look forward to the auction in April 2020.<\/p>\n<p><\/p>\n<p><\/p>\n<p>Your team at the HanseArt auction house<\/p>\n<p><\/p>\t\t\t\t\t\t\t\t<\/div>\n\t\t\t\t<\/div>\n\t\t\t\t\t<\/div>\n\t\t<\/div>\n\t\t\t\t\t<\/div>\n\t\t<\/section>\n\t\t\t\t<section class=\"elementor-section elementor-top-section elementor-element elementor-element-8142819 elementor-section-stretched elementor-section-boxed elementor-section-height-default elementor-section-height-default\" data-id=\"8142819\" data-element_type=\"section\" data-e-type=\"section\" data-settings=\"{&quot;stretch_section&quot;:&quot;section-stretched&quot;}\">\n\t\t\t\t\t\t<div class=\"elementor-container elementor-column-gap-no\">\n\t\t\t\t\t<div class=\"elementor-column elementor-col-100 elementor-top-column elementor-element elementor-element-5d06057\" data-id=\"5d06057\" data-element_type=\"column\" data-e-type=\"column\">\n\t\t\t<div class=\"elementor-widget-wrap elementor-element-populated\">\n\t\t\t\t\t\t<div class=\"elementor-element elementor-element-17c91b5 elementor-widget elementor-widget-heading\" data-id=\"17c91b5\" data-element_type=\"widget\" data-e-type=\"widget\" data-widget_type=\"heading.default\">\n\t\t\t\t<div class=\"elementor-widget-container\">\n\t\t\t\t\t<h2 class=\"elementor-heading-title elementor-size-default\">Some items for the auction on May 9, 2020<br>...we update the selection weekly!<\/h2>\t\t\t\t<\/div>\n\t\t\t\t<\/div>\n\t\t\t\t<div class=\"elementor-element elementor-element-90eb5cf elementor-arrows-position-inside elementor-pagination-position-outside elementor-invisible elementor-widget elementor-widget-image-carousel\" data-id=\"90eb5cf\" data-element_type=\"widget\" data-e-type=\"widget\" data-settings=\"{&quot;_animation&quot;:&quot;fadeIn&quot;,&quot;navigation&quot;:&quot;both&quot;,&quot;autoplay&quot;:&quot;yes&quot;,&quot;pause_on_hover&quot;:&quot;yes&quot;,&quot;pause_on_interaction&quot;:&quot;yes&quot;,&quot;autoplay_speed&quot;:5000,&quot;infinite&quot;:&quot;yes&quot;,&quot;speed&quot;:500}\" data-widget_type=\"image-carousel.default\">\n\t\t\t\t<div class=\"elementor-widget-container\">\n\t\t\t\t\t\t\t<div class=\"elementor-image-carousel-wrapper swiper\" role=\"region\" aria-roledescription=\"carousel\" aria-label=\"Image Carousel\" dir=\"ltr\">\n\t\t\t<div class=\"elementor-image-carousel swiper-wrapper\" aria-live=\"off\">\n\t\t\t\t\t\t\t\t<div class=\"swiper-slide\" role=\"group\" aria-roledescription=\"slide\" aria-label=\"1 of 7\"><figure class=\"swiper-slide-inner\"><img decoding=\"async\" class=\"swiper-slide-image\" src=\"https:\/\/www.auktionshaus-hanseart.de\/wp-content\/uploads\/2020\/04\/329-1_Bildgr\u00f6\u00dfe-\u00e4ndern-1-205x300.jpg\" alt=\"Ikone der Gottesmutter von Wladimir, Russland, um 1889\" \/><figcaption class=\"elementor-image-carousel-caption\">Icon of the Mother of God of Vladimir, Russia, circa 1889<\/figcaption><\/figure><\/div><div class=\"swiper-slide\" role=\"group\" aria-roledescription=\"slide\" aria-label=\"2 of 7\"><figure class=\"swiper-slide-inner\"><img decoding=\"async\" class=\"swiper-slide-image\" src=\"https:\/\/www.auktionshaus-hanseart.de\/wp-content\/uploads\/2020\/04\/253-6_Bildgr\u00f6\u00dfe-\u00e4ndern-300x240.jpg\" alt=\"Julius Sergius von Klever \/ Yuliy Yulevich Klever (1850 in Dorpat - 1924 in Leningrad)\" \/><figcaption class=\"elementor-image-carousel-caption\">Julius Sergius von Klever \/ Yuliy Yulevich Klever (1850 in Dorpat - 1924 in Leningrad)<\/figcaption><\/figure><\/div><div class=\"swiper-slide\" role=\"group\" aria-roledescription=\"slide\" aria-label=\"3 of 7\"><figure class=\"swiper-slide-inner\"><img decoding=\"async\" class=\"swiper-slide-image\" src=\"https:\/\/www.auktionshaus-hanseart.de\/wp-content\/uploads\/2020\/04\/325-1_Bildgr\u00f6\u00dfe-\u00e4ndern-300x200.jpg\" alt=\"Zigarrendose, Silber, 91 Zolotnik, Pavel Akimov Ovchinnikov, Moskau, 1873\" \/><figcaption class=\"elementor-image-carousel-caption\">Cigar box, silver, 91 Zolotnik, Pavel Akimov Ovchinnikov, Moscow, 1873<\/figcaption><\/figure><\/div><div class=\"swiper-slide\" role=\"group\" aria-roledescription=\"slide\" aria-label=\"4 out of 7\"><figure class=\"swiper-slide-inner\"><img decoding=\"async\" class=\"swiper-slide-image\" src=\"https:\/\/www.auktionshaus-hanseart.de\/wp-content\/uploads\/2020\/04\/265-16_Bildgr\u00f6\u00dfe-\u00e4ndern-200x300.jpg\" alt=\"Lakritzwasser-Verk\u00e4ufer, Meissen, 2. H\u00e4lfte 20.Jh\" \/><figcaption class=\"elementor-image-carousel-caption\">Licorice water vendor, Meissen, second half of the 20th century<\/figcaption><\/figure><\/div><div class=\"swiper-slide\" role=\"group\" aria-roledescription=\"slide\" aria-label=\"5 out of 7\"><figure class=\"swiper-slide-inner\"><img decoding=\"async\" class=\"swiper-slide-image\" src=\"https:\/\/www.auktionshaus-hanseart.de\/wp-content\/uploads\/2020\/04\/329-1_Bildgr\u00f6\u00dfe-\u00e4ndern-205x300.jpg\" alt=\"Ikone der Gottesmutter von Wladimir, Russland, um 1889\" \/><figcaption class=\"elementor-image-carousel-caption\">Icon of the Mother of God of Vladimir, Russia, circa 1889<\/figcaption><\/figure><\/div><div class=\"swiper-slide\" role=\"group\" aria-roledescription=\"slide\" aria-label=\"6 out of 7\"><figure class=\"swiper-slide-inner\"><img decoding=\"async\" class=\"swiper-slide-image\" src=\"https:\/\/www.auktionshaus-hanseart.de\/wp-content\/uploads\/2020\/04\/380-1_Bildgr\u00f6\u00dfe-\u00e4ndern-219x300.jpg\" alt=\"Jan Eisenloeffel (1876, Amsterdam - 1957, ebda), Samowar auf Tablett mit Tee- und Zuckerdose\" \/><figcaption class=\"elementor-image-carousel-caption\">Jan Eisenloeffel (1876, Amsterdam - 1957, ibid.), Samovar on tray with tea and sugar bowl <\/figcaption><\/figure><\/div><div class=\"swiper-slide\" role=\"group\" aria-roledescription=\"slide\" aria-label=\"7 out of 7\"><figure class=\"swiper-slide-inner\"><img decoding=\"async\" class=\"swiper-slide-image\" src=\"https:\/\/www.auktionshaus-hanseart.de\/wp-content\/uploads\/2020\/04\/Steinzeug-Vase_Bildgr\u00f6\u00dfe-\u00e4ndern-200x300.jpg\" alt=\"Jugendstil-Flaschenvase, Sevr\u00e9s, um 1917\" \/><figcaption class=\"elementor-image-carousel-caption\">Art Nouveau bottle vase, Sevr\u00e9s, around 1917<\/figcaption><\/figure><\/div>\t\t\t<\/div>\n\t\t\t\t\t\t\t\t\t\t\t\t<div class=\"elementor-swiper-button elementor-swiper-button-prev\" role=\"button\" tabindex=\"0\">\n\t\t\t\t\t\t<i aria-hidden=\"true\" class=\"eicon-chevron-left\"><\/i>\t\t\t\t\t<\/div>\n\t\t\t\t\t<div class=\"elementor-swiper-button elementor-swiper-button-next\" role=\"button\" tabindex=\"0\">\n\t\t\t\t\t\t<i aria-hidden=\"true\" class=\"eicon-chevron-right\"><\/i>\t\t\t\t\t<\/div>\n\t\t\t\t\n\t\t\t\t\t\t\t\t\t<div class=\"swiper-pagination\"><\/div>\n\t\t\t\t\t\t\t\t\t<\/div>\n\t\t\t\t\t\t<\/div>\n\t\t\t\t<\/div>\n\t\t\t\t\t<\/div>\n\t\t<\/div>\n\t\t\t\t\t<\/div>\n\t\t<\/section>\n\t\t\t\t<\/div>","protected":false},"excerpt":{"rendered":"<p>An einem k\u00fchlen Wintermorgen in Februar steuerte alles auf den Kurs der 1. Auktion im Jahr 2020 zu. Aber es ist mittlerweile schon die 6. Auktion f\u00fcr das Auktionshaus HanseArt seit der Gr\u00fcndung 2018. Ein leichter Wind wirbelte die Bl\u00e4tter in der Mengstrasse 14 um die parkenden Autos herum und die Wolken hingen tief\u2026.es sah [&hellip;]<\/p>\n","protected":false},"author":15,"featured_media":0,"parent":0,"menu_order":0,"comment_status":"closed","ping_status":"closed","template":"","meta":{"_monsterinsights_skip_tracking":false,"_monsterinsights_sitenote_active":false,"_monsterinsights_sitenote_note":"","_monsterinsights_sitenote_category":0,"site-sidebar-layout":"default","site-content-layout":"default","ast-site-content-layout":"default","site-content-style":"default","site-sidebar-style":"default","ast-global-header-display":"","ast-banner-title-visibility":"","ast-main-header-display":"","ast-hfb-above-header-display":"","ast-hfb-below-header-display":"","ast-hfb-mobile-header-display":"","site-post-title":"","ast-breadcrumbs-content":"","ast-featured-img":"","footer-sml-layout":"","ast-disable-related-posts":"","theme-transparent-header-meta":"default","adv-header-id-meta":"","stick-header-meta":"","header-above-stick-meta":"","header-main-stick-meta":"","header-below-stick-meta":"","astra-migrate-meta-layouts":"default","ast-page-background-enabled":"default","ast-page-background-meta":{"desktop":{"background-color":"","background-image":"","background-repeat":"repeat","background-position":"center center","background-size":"auto","background-attachment":"scroll","background-type":"","background-media":"","overlay-type":"","overlay-color":"","overlay-opacity":"","overlay-gradient":""},"tablet":{"background-color":"","background-image":"","background-repeat":"repeat","background-position":"center center","background-size":"auto","background-attachment":"scroll","background-type":"","background-media":"","overlay-type":"","overlay-color":"","overlay-opacity":"","overlay-gradient":""},"mobile":{"background-color":"","background-image":"","background-repeat":"repeat","background-position":"center center","background-size":"auto","background-attachment":"scroll","background-type":"","background-media":"","overlay-type":"","overlay-color":"","overlay-opacity":"","overlay-gradient":""}},"ast-content-background-meta":{"desktop":{"background-color":"var(--ast-global-color-5)","background-image":"","background-repeat":"repeat","background-position":"center center","background-size":"auto","background-attachment":"scroll","background-type":"","background-media":"","overlay-type":"","overlay-color":"","overlay-opacity":"","overlay-gradient":""},"tablet":{"background-color":"var(--ast-global-color-5)","background-image":"","background-repeat":"repeat","background-position":"center center","background-size":"auto","background-attachment":"scroll","background-type":"","background-media":"","overlay-type":"","overlay-color":"","overlay-opacity":"","overlay-gradient":""},"mobile":{"background-color":"var(--ast-global-color-5)","background-image":"","background-repeat":"repeat","background-position":"center center","background-size":"auto","background-attachment":"scroll","background-type":"","background-media":"","overlay-type":"","overlay-color":"","overlay-opacity":"","overlay-gradient":""}},"footnotes":""},"class_list":["post-1514","page","type-page","status-publish","hentry"],"_links":{"self":[{"href":"https:\/\/www.auktionshaus-hanseart.de\/en\/wp-json\/wp\/v2\/pages\/1514","targetHints":{"allow":["GET"]}}],"collection":[{"href":"https:\/\/www.auktionshaus-hanseart.de\/en\/wp-json\/wp\/v2\/pages"}],"about":[{"href":"https:\/\/www.auktionshaus-hanseart.de\/en\/wp-json\/wp\/v2\/types\/page"}],"author":[{"embeddable":true,"href":"https:\/\/www.auktionshaus-hanseart.de\/en\/wp-json\/wp\/v2\/users\/15"}],"replies":[{"embeddable":true,"href":"https:\/\/www.auktionshaus-hanseart.de\/en\/wp-json\/wp\/v2\/comments?post=1514"}],"version-history":[{"count":5,"href":"https:\/\/www.auktionshaus-hanseart.de\/en\/wp-json\/wp\/v2\/pages\/1514\/revisions"}],"predecessor-version":[{"id":1586,"href":"https:\/\/www.auktionshaus-hanseart.de\/en\/wp-json\/wp\/v2\/pages\/1514\/revisions\/1586"}],"wp:attachment":[{"href":"https:\/\/www.auktionshaus-hanseart.de\/en\/wp-json\/wp\/v2\/media?parent=1514"}],"curies":[{"name":"wp","href":"https:\/\/api.w.org\/{rel}","templated":true}]}}