{"id":804,"date":"2019-02-21T16:09:27","date_gmt":"2019-02-21T14:09:27","guid":{"rendered":"https:\/\/www.auktionshaus-hanseart.de\/?page_id=804"},"modified":"2019-05-08T11:45:54","modified_gmt":"2019-05-08T09:45:54","slug":"versandoptionen","status":"publish","type":"page","link":"https:\/\/www.auktionshaus-hanseart.de\/en\/versandoptionen","title":{"rendered":"Shipping options"},"content":{"rendered":"<div data-elementor-type=\"wp-post\" data-elementor-id=\"804\" class=\"elementor elementor-804 elementor-bc-flex-widget\" data-elementor-post-type=\"page\">\n\t\t\t\t\t\t<section class=\"elementor-section elementor-top-section elementor-element elementor-element-3982b75c elementor-section-boxed elementor-section-height-default elementor-section-height-default\" data-id=\"3982b75c\" data-element_type=\"section\" data-e-type=\"section\" data-settings=\"{&quot;background_background&quot;:&quot;classic&quot;}\">\n\t\t\t\t\t\t<div class=\"elementor-container elementor-column-gap-no\">\n\t\t\t\t\t<div class=\"elementor-column elementor-col-50 elementor-top-column elementor-element elementor-element-51c6665 elementor-sm-50\" data-id=\"51c6665\" data-element_type=\"column\" data-e-type=\"column\">\n\t\t\t<div class=\"elementor-widget-wrap elementor-element-populated\">\n\t\t\t\t\t\t<div class=\"elementor-element elementor-element-43a3ef4f elementor-widget elementor-widget-text-editor\" data-id=\"43a3ef4f\" data-element_type=\"widget\" data-e-type=\"widget\" data-widget_type=\"text-editor.default\">\n\t\t\t\t<div class=\"elementor-widget-container\">\n\t\t\t\t\t\t\t\t\t<div class=\"wrapper\"><div class=\"container main\"><div class=\"row\"><div class=\"col-md-12\"><div class=\"row\" style=\"text-align: left;\"><div class=\"col-xs-12 col-sm-8 col-md-8 col-lg-8\"><p><strong>Dear customers,<\/strong><\/p><p>We are happy to answer any questions you may have regarding shipping and shipping costs.<\/p><p>Postal shipping and packaging are primarily handled by MBE or through our in-house shipping department via DHL\/UPS. For high-value items such as jewelry and similar precious objects, shipping is handled by Bertram Jewelers.\u00a0<\/p><ul><li><strong>Mailboxes Etc<\/strong>., Beckergrube 29, 23552 L\u00fcbeck, Mail: <a href=\"mailto:post@mbe-luebeck.de\">post@mbe-luebeck.de<\/a>, Tel.: 0451 2969577 , Fax: 0451 2969579<\/li><\/ul><p>For the transport of items that cannot be shipped as parcels, both domestically and internationally, we recommend the following transport companies:<\/p><ul><li><strong>Matthias Fegers Company<\/strong>, Service for Art and Trade, Moldenweg 5, 21339 L\u00fcneburg\u00a0<span style=\"font-size: 16px;\">Tel. 0049 (0) 4131 727 525, Fax 0049 (0) 4131 727 524,<\/span><a style=\"font-size: 16px;\" href=\"mailto:info@fegers-transporte.de\">info@fegers-transporte.de<\/a><\/li><li><strong>Fine Art Transfer<\/strong>, Michael Heincz, Tel. 0049 (0)4131 \u2013 995 34 70, Fax 0049 (0)4131 \u2013 995 34 71, mobile 0049 (0)160 \u2013 990 63 725, Email: <a href=\"mailto:m.heincz@web.de\">m.heincz@web.de<\/a><\/li><li><strong>Udo Pross Transport<\/strong>, Berg 10, 82386 Oberhausen, Tel: 08802 901728, Fax: 08802 913857, Email: <a href=\"mailto:pross_transporte@yahoo.com\">pross_transporte@yahoo.com<\/a><\/li><\/ul><p>For the L\u00fcbeck area, we also have partner companies that offer, among other things, furniture transport including setup service.\u00a0<\/p><p>We will gladly obtain the shipping and transport costs for you and share the offers with you.\u201d<\/p><\/div><\/div><\/div><\/div><\/div><\/div>\t\t\t\t\t\t\t\t<\/div>\n\t\t\t\t<\/div>\n\t\t\t\t\t<\/div>\n\t\t<\/div>\n\t\t\t\t<div class=\"elementor-column elementor-col-50 elementor-top-column elementor-element elementor-element-f895fb8 elementor-sm-50\" data-id=\"f895fb8\" data-element_type=\"column\" data-e-type=\"column\">\n\t\t\t<div class=\"elementor-widget-wrap\">\n\t\t\t\t\t\t\t<\/div>\n\t\t<\/div>\n\t\t\t\t\t<\/div>\n\t\t<\/section>\n\t\t\t\t<\/div>","protected":false},"excerpt":{"rendered":"<p>Sehr geehrte Kunden, f\u00fcr Fragen zum Versand und den Versandkosten stehen wir Ihnen gern zur Verf\u00fcgung. Der postalische Versand und die Verpackung wird f\u00fcr uns \u00fcberwiegend von der Firma MBE ausgef\u00fchrt oder durch den hausinternen Versand per DHL\/UPS durchgef\u00fchrt. F\u00fcr die Wertlogistik bei Schmuck und vergleichbaren Preziosen wird der Versand durch den Bertram Juwelierversand durchgef\u00fchrt.\u00a0 [&hellip;]<\/p>\n","protected":false},"author":2,"featured_media":0,"parent":0,"menu_order":0,"comment_status":"closed","ping_status":"closed","template":"","meta":{"_monsterinsights_skip_tracking":false,"_monsterinsights_sitenote_active":false,"_monsterinsights_sitenote_note":"","_monsterinsights_sitenote_category":0,"site-sidebar-layout":"no-sidebar","site-content-layout":"page-builder","ast-site-content-layout":"default","site-content-style":"default","site-sidebar-style":"default","ast-global-header-display":"","ast-banner-title-visibility":"","ast-main-header-display":"","ast-hfb-above-header-display":"","ast-hfb-below-header-display":"","ast-hfb-mobile-header-display":"","site-post-title":"disabled","ast-breadcrumbs-content":"","ast-featured-img":"disabled","footer-sml-layout":"","ast-disable-related-posts":"","theme-transparent-header-meta":"","adv-header-id-meta":"","stick-header-meta":"","header-above-stick-meta":"","header-main-stick-meta":"","header-below-stick-meta":"","astra-migrate-meta-layouts":"default","ast-page-background-enabled":"default","ast-page-background-meta":{"desktop":{"background-color":"","background-image":"","background-repeat":"repeat","background-position":"center center","background-size":"auto","background-attachment":"scroll","background-type":"","background-media":"","overlay-type":"","overlay-color":"","overlay-opacity":"","overlay-gradient":""},"tablet":{"background-color":"","background-image":"","background-repeat":"repeat","background-position":"center center","background-size":"auto","background-attachment":"scroll","background-type":"","background-media":"","overlay-type":"","overlay-color":"","overlay-opacity":"","overlay-gradient":""},"mobile":{"background-color":"","background-image":"","background-repeat":"repeat","background-position":"center center","background-size":"auto","background-attachment":"scroll","background-type":"","background-media":"","overlay-type":"","overlay-color":"","overlay-opacity":"","overlay-gradient":""}},"ast-content-background-meta":{"desktop":{"background-color":"var(--ast-global-color-5)","background-image":"","background-repeat":"repeat","background-position":"center center","background-size":"auto","background-attachment":"scroll","background-type":"","background-media":"","overlay-type":"","overlay-color":"","overlay-opacity":"","overlay-gradient":""},"tablet":{"background-color":"var(--ast-global-color-5)","background-image":"","background-repeat":"repeat","background-position":"center center","background-size":"auto","background-attachment":"scroll","background-type":"","background-media":"","overlay-type":"","overlay-color":"","overlay-opacity":"","overlay-gradient":""},"mobile":{"background-color":"var(--ast-global-color-5)","background-image":"","background-repeat":"repeat","background-position":"center center","background-size":"auto","background-attachment":"scroll","background-type":"","background-media":"","overlay-type":"","overlay-color":"","overlay-opacity":"","overlay-gradient":""}},"footnotes":""},"class_list":["post-804","page","type-page","status-publish","hentry"],"_links":{"self":[{"href":"https:\/\/www.auktionshaus-hanseart.de\/en\/wp-json\/wp\/v2\/pages\/804","targetHints":{"allow":["GET"]}}],"collection":[{"href":"https:\/\/www.auktionshaus-hanseart.de\/en\/wp-json\/wp\/v2\/pages"}],"about":[{"href":"https:\/\/www.auktionshaus-hanseart.de\/en\/wp-json\/wp\/v2\/types\/page"}],"author":[{"embeddable":true,"href":"https:\/\/www.auktionshaus-hanseart.de\/en\/wp-json\/wp\/v2\/users\/2"}],"replies":[{"embeddable":true,"href":"https:\/\/www.auktionshaus-hanseart.de\/en\/wp-json\/wp\/v2\/comments?post=804"}],"version-history":[{"count":0,"href":"https:\/\/www.auktionshaus-hanseart.de\/en\/wp-json\/wp\/v2\/pages\/804\/revisions"}],"wp:attachment":[{"href":"https:\/\/www.auktionshaus-hanseart.de\/en\/wp-json\/wp\/v2\/media?parent=804"}],"curies":[{"name":"wp","href":"https:\/\/api.w.org\/{rel}","templated":true}]}}